{"id":6042,"date":"2020-07-20T20:25:43","date_gmt":"2020-07-20T20:25:43","guid":{"rendered":"https:\/\/dent360.com.tr\/dent360\/?page_id=6042"},"modified":"2024-03-09T10:22:06","modified_gmt":"2024-03-09T10:22:06","slug":"online-appointment","status":"publish","type":"page","link":"https:\/\/ozmarmaradis.com\/en\/online-appointment\/","title":{"rendered":"Online Appointment"},"content":{"rendered":"[vc_row type=&#8221;full_width_content&#8221; full_screen_row_position=&#8221;middle&#8221; equal_height=&#8221;yes&#8221; content_placement=&#8221;top&#8221; bg_image=&#8221;7367&#8243; bg_position=&#8221;center center&#8221; bg_repeat=&#8221;no-repeat&#8221; full_height=&#8221;yes&#8221; scene_position=&#8221;center&#8221; text_color=&#8221;light&#8221; text_align=&#8221;left&#8221; top_padding=&#8221;200&#8243; bottom_padding=&#8221;200&#8243; class=&#8221;rand-kutu&#8221; overlay_strength=&#8221;0.3&#8243; shape_divider_position=&#8221;bottom&#8221; bg_image_animation=&#8221;none&#8221; shape_type=&#8221;&#8221;][vc_column column_padding=&#8221;no-extra-padding&#8221; column_padding_position=&#8221;all&#8221; background_color_opacity=&#8221;1&#8243; background_hover_color_opacity=&#8221;1&#8243; column_link_target=&#8221;_self&#8221; column_shadow=&#8221;none&#8221; column_border_radius=&#8221;none&#8221; width=&#8221;1\/4&#8243; tablet_width_inherit=&#8221;default&#8221; tablet_text_alignment=&#8221;default&#8221; phone_text_alignment=&#8221;default&#8221; column_border_width=&#8221;none&#8221; column_border_color=&#8221;#be0000&#8243; column_border_style=&#8221;solid&#8221; bg_image_animation=&#8221;fade-in&#8221;][\/vc_column][vc_column column_padding=&#8221;padding-5-percent&#8221; column_padding_position=&#8221;all&#8221; background_color=&#8221;#ffffff&#8221; background_color_opacity=&#8221;1&#8243; background_color_hover=&#8221;#fafafa&#8221; background_hover_color_opacity=&#8221;1&#8243; column_link_target=&#8221;_self&#8221; column_shadow=&#8221;small_depth&#8221; column_border_radius=&#8221;20px&#8221; top_margin=&#8221;-250&#8243; width=&#8221;1\/2&#8243; tablet_width_inherit=&#8221;default&#8221; tablet_text_alignment=&#8221;default&#8221; phone_text_alignment=&#8221;default&#8221; column_border_width=&#8221;none&#8221; bg_image_animation=&#8221;none&#8221;][vc_column_text]<div class=\"forminator-ui forminator-custom-form forminator-custom-form-6661 forminator-design--material forminator_ajax\" data-forminator-render=\"0\" data-form=\"forminator-module-6661\" data-uid=\"69d829ff68cb3\"><br\/><\/div><form\n\t\t\t\tid=\"forminator-module-6661\"\n\t\t\t\tclass=\"forminator-ui forminator-custom-form forminator-custom-form-6661 forminator-design--material forminator_ajax\"\n\t\t\t\tmethod=\"post\"\n\t\t\t\tdata-forminator-render=\"0\"\n\t\t\t\tdata-form-id=\"6661\"\n\t\t\t\t\n\t\t\t\tdata-design=\"material\"\n\t\t\t\t\n\t\t\t\t\n\t\t\t\t\n\t\t\t\tdata-grid=\"open\"\n\t\t\t\t\n\t\t\t\t\n\t\t\t\tstyle=\"display: none;\"\n\t\t\t\t\n\t\t\t\tdata-uid=\"69d829ff68cb3\"\n\t\t\t><div role=\"alert\" aria-live=\"polite\" class=\"forminator-response-message forminator-error\" aria-hidden=\"true\"><\/div><div class=\"forminator-row\"><div id=\"text-1\" class=\"forminator-field-text forminator-col forminator-col-12 \"><div class=\"forminator-field\"><label for=\"forminator-field-text-1_69d829ff68cb3\" class=\"forminator-label\" id=\"forminator-field-text-1_69d829ff68cb3-label\">Name Surname (required) <span class=\"forminator-required\">*<\/span><\/label><input type=\"text\" name=\"text-1\" value=\"\" placeholder=\"\" id=\"forminator-field-text-1_69d829ff68cb3\" class=\"forminator-input forminator-name--field\" data-required=\"1\" \/><\/div><\/div><\/div><div class=\"forminator-row\"><div id=\"email-1\" class=\"forminator-field-email forminator-col forminator-col-12 \"><div class=\"forminator-field\"><label for=\"forminator-field-email-1_69d829ff68cb3\" class=\"forminator-label\" id=\"forminator-field-email-1_69d829ff68cb3-label\">Email Address (required) <span class=\"forminator-required\">*<\/span><\/label><input type=\"email\" name=\"email-1\" value=\"\" placeholder=\"\" id=\"forminator-field-email-1_69d829ff68cb3\" class=\"forminator-input forminator-email--field\" data-required=\"1\" aria-required=\"true\" \/><\/div><\/div><\/div><div class=\"forminator-row\"><div id=\"text-2\" class=\"forminator-field-text forminator-col forminator-col-12 \"><div class=\"forminator-field\"><label for=\"forminator-field-text-2_69d829ff68cb3\" class=\"forminator-label\" id=\"forminator-field-text-2_69d829ff68cb3-label\">Phone (required) <span class=\"forminator-required\">*<\/span><\/label><input type=\"text\" name=\"text-2\" value=\"\" placeholder=\"\" id=\"forminator-field-text-2_69d829ff68cb3\" class=\"forminator-input forminator-name--field\" data-required=\"1\" \/><\/div><\/div><\/div><div class=\"forminator-row\"><div id=\"date-1\" class=\"forminator-field-date forminator-col forminator-col-6 \"><div class=\"forminator-field\"><div class=\"forminator-input-with-icon\"><label for=\"forminator-field-date-1-picker_69d829ff68cb3\"><span class=\"forminator-icon-calendar\" aria-hidden=\"true\"><\/span><\/label><input autocomplete=\"off\" type=\"text\" size=\"1\" name=\"date-1\" value=\"\" placeholder=\"Select Date\" id=\"forminator-field-date-1-picker_69d829ff68cb3\" class=\"forminator-input forminator-datepicker\" data-required=\"\" data-format=\"mm\/dd\/yy\" data-restrict-type=\"\" data-restrict=\"\" data-start-year=\"1926\" data-end-year=\"2126\" data-past-dates=\"enable\" data-start-of-week=\"1\" data-start-date=\"\" data-end-date=\"\" data-start-field=\"\" data-end-field=\"\" data-start-offset=\"\" data-end-offset=\"\" data-disable-date=\"\" data-disable-range=\"\" \/><\/div><\/div><\/div><div id=\"time-1\" class=\"forminator-field-time forminator-col forminator-col-6 \"><div class=\"forminator-timepicker\" ><div class=\"forminator-row\" data-multiple=\"true\"><div id=\"time-1-hours\" class=\"forminator-col forminator-col-6\"><div class=\"forminator-field\"><label for=\"forminator-form-6661__field--time-1-hours_69d829ff68cb3\" id=\"forminator-form-6661__field--time-1-hours_69d829ff68cb3-label\" class=\"forminator-label\">Hour<\/label><select name=\"time-1-hours\" id=\"forminator-form-6661__field--time-1-hours_69d829ff68cb3\" class=\"forminator-select2 time-hours has-time-limiter\" data-field=\"hours\" aria-describedby=\"forminator-field-time-1_69d829ff68cb3-description\" aria-labelledby=\"forminator-form-6661__field--time-1-hours_69d829ff68cb3-label\" data-default-value=\"\"><option value=\"\" selected=\"selected\">-<\/option><option value=\"9\" >09<\/option><option value=\"10\" >10<\/option><option value=\"11\" >11<\/option><option value=\"12\" >12<\/option><option value=\"13\" >13<\/option><option value=\"14\" >14<\/option><option value=\"15\" >15<\/option><option value=\"16\" >16<\/option><option value=\"17\" >17<\/option><option value=\"18\" >18<\/option><option value=\"19\" >19<\/option><option value=\"20\" >20<\/option><option value=\"21\" >21<\/option><option value=\"22\" >22<\/option><\/select><\/div><\/div><div id=\"time-1-minutes\" class=\"forminator-col forminator-col-6\"><div class=\"forminator-field\"><label for=\"forminator-form-6661__field--time-1-minutes_69d829ff68cb3\" id=\"forminator-form-6661__field--time-1-minutes_69d829ff68cb3-label\" class=\"forminator-label\">Minute<\/label><select name=\"time-1-minutes\" id=\"forminator-form-6661__field--time-1-minutes_69d829ff68cb3\" class=\"forminator-select2 time-minutes has-time-limiter\" data-field=\"minutes\" aria-describedby=\"forminator-field-time-1_69d829ff68cb3-description\" aria-labelledby=\"forminator-form-6661__field--time-1-minutes_69d829ff68cb3-label\" data-default-value=\"\"><option value=\"\" selected=\"selected\">-<\/option><option value=\"0\" >00<\/option><option value=\"1\" >01<\/option><option value=\"2\" >02<\/option><option value=\"3\" >03<\/option><option value=\"4\" >04<\/option><option value=\"5\" >05<\/option><option value=\"6\" >06<\/option><option value=\"7\" >07<\/option><option value=\"8\" >08<\/option><option value=\"9\" >09<\/option><option value=\"10\" >10<\/option><option value=\"11\" >11<\/option><option value=\"12\" >12<\/option><option value=\"13\" >13<\/option><option value=\"14\" >14<\/option><option value=\"15\" >15<\/option><option value=\"16\" >16<\/option><option value=\"17\" >17<\/option><option value=\"18\" >18<\/option><option value=\"19\" >19<\/option><option value=\"20\" >20<\/option><option value=\"21\" >21<\/option><option value=\"22\" >22<\/option><option value=\"23\" >23<\/option><option value=\"24\" >24<\/option><option value=\"25\" >25<\/option><option value=\"26\" >26<\/option><option value=\"27\" >27<\/option><option value=\"28\" >28<\/option><option value=\"29\" >29<\/option><option value=\"30\" >30<\/option><option value=\"31\" >31<\/option><option value=\"32\" >32<\/option><option value=\"33\" >33<\/option><option value=\"34\" >34<\/option><option value=\"35\" >35<\/option><option value=\"36\" >36<\/option><option value=\"37\" >37<\/option><option value=\"38\" >38<\/option><option value=\"39\" >39<\/option><option value=\"40\" >40<\/option><option value=\"41\" >41<\/option><option value=\"42\" >42<\/option><option value=\"43\" >43<\/option><option value=\"44\" >44<\/option><option value=\"45\" >45<\/option><option value=\"46\" >46<\/option><option value=\"47\" >47<\/option><option value=\"48\" >48<\/option><option value=\"49\" >49<\/option><option value=\"50\" >50<\/option><option value=\"51\" >51<\/option><option value=\"52\" >52<\/option><option value=\"53\" >53<\/option><option value=\"54\" >54<\/option><option value=\"55\" >55<\/option><option value=\"56\" >56<\/option><option value=\"57\" >57<\/option><option value=\"58\" >58<\/option><option value=\"59\" >59<\/option><\/select><\/div><\/div><\/div><\/div><\/div><\/div><div class=\"forminator-row\"><div id=\"textarea-1\" class=\"forminator-field-textarea forminator-col forminator-col-12 \"><div class=\"forminator-field\"><label for=\"forminator-field-textarea-1_69d829ff68cb3\" id=\"forminator-field-textarea-1_69d829ff68cb3-label\" class=\"forminator-label\">Want to add<\/label><textarea name=\"textarea-1\" placeholder=\"\" id=\"forminator-field-textarea-1_69d829ff68cb3\" class=\"forminator-textarea\" rows=\"6\" style=\"min-height:140px;\" ><\/textarea><\/div><\/div><\/div><input type=\"hidden\" name=\"referer_url\" value=\"\" \/><div class=\"forminator-row forminator-row-last\"><div class=\"forminator-col\"><div class=\"forminator-field\"><button class=\"forminator-button forminator-button-submit\"><span>Request an Appointment<\/span><span aria-hidden=\"true\"><\/span><\/button><\/div><\/div><\/div><input type=\"hidden\" id=\"forminator_nonce\" name=\"forminator_nonce\" value=\"0787cba373\" \/><input type=\"hidden\" name=\"_wp_http_referer\" value=\"\/en\/wp-json\/wp\/v2\/pages\/6042\" \/><input type=\"hidden\" name=\"form_id\" value=\"6661\"><input type=\"hidden\" name=\"page_id\" value=\"6042\"><input type=\"hidden\" name=\"form_type\" value=\"default\"><input type=\"hidden\" name=\"current_url\" value=\"https:\/\/ozmarmaradis.com\/en\/online-appointment\/\"><input type=\"hidden\" name=\"render_id\" value=\"0\"><input type=\"hidden\" name=\"action\" value=\"forminator_submit_form_custom-forms\"><\/form>[\/vc_column_text][\/vc_column][vc_column column_padding=&#8221;no-extra-padding&#8221; column_padding_position=&#8221;all&#8221; background_color_opacity=&#8221;1&#8243; background_hover_color_opacity=&#8221;1&#8243; column_link_target=&#8221;_self&#8221; column_shadow=&#8221;none&#8221; column_border_radius=&#8221;none&#8221; width=&#8221;1\/4&#8243; tablet_width_inherit=&#8221;default&#8221; tablet_text_alignment=&#8221;default&#8221; phone_text_alignment=&#8221;default&#8221; column_border_width=&#8221;none&#8221; column_border_style=&#8221;solid&#8221; bg_image_animation=&#8221;none&#8221;][\/vc_column][\/vc_row]\n","protected":false},"excerpt":{"rendered":"<p>[vc_row type=&#8221;full_width_content&#8221; full_screen_row_position=&#8221;middle&#8221; equal_height=&#8221;yes&#8221; content_placement=&#8221;top&#8221; bg_image=&#8221;7367&#8243; bg_position=&#8221;center center&#8221; bg_repeat=&#8221;no-repeat&#8221; full_height=&#8221;yes&#8221; scene_position=&#8221;center&#8221; text_color=&#8221;light&#8221; text_align=&#8221;left&#8221; top_padding=&#8221;200&#8243; bottom_padding=&#8221;200&#8243; class=&#8221;rand-kutu&#8221; overlay_strength=&#8221;0.3&#8243; shape_divider_position=&#8221;bottom&#8221; bg_image_animation=&#8221;none&#8221; shape_type=&#8221;&#8221;][vc_column column_padding=&#8221;no-extra-padding&#8221; column_padding_position=&#8221;all&#8221; background_color_opacity=&#8221;1&#8243; background_hover_color_opacity=&#8221;1&#8243; column_link_target=&#8221;_self&#8221;&#8230;<\/p>\n","protected":false},"author":1,"featured_media":7187,"parent":0,"menu_order":3,"comment_status":"closed","ping_status":"closed","template":"","meta":{"footnotes":""},"yoast_head":"\n<title>Online Appointment - \u00d6Z Marmara Di\u015f A\u011f\u0131z ve Di\u015f Sa\u011fl\u0131\u011f\u0131 Poliklini\u011fi<\/title>\n<meta name=\"description\" content=\"\u00d6Z Marmara Di\u015f A\u011f\u0131z ve Di\u015f Sa\u011fl\u0131\u011f\u0131 Poliklini\u011fi, Sefak\u00f6y ve Avc\u0131lar&#039;da, Haftan\u0131n 7 g\u00fcn\u00fc, t\u00fcm a\u011f\u0131z ve di\u015f sa\u011fl\u0131\u011f\u0131 bran\u015flar\u0131nda modern ve kaliteli hizmet vermektedir.\" \/>\n<meta name=\"robots\" content=\"noindex, follow, max-snippet:-1, max-image-preview:large, max-video-preview:-1\" \/>\n<meta property=\"og:locale\" content=\"tr_TR\" \/>\n<meta property=\"og:type\" content=\"article\" \/>\n<meta property=\"og:title\" content=\"Online Appointment - \u00d6Z Marmara Di\u015f A\u011f\u0131z ve Di\u015f Sa\u011fl\u0131\u011f\u0131 Poliklini\u011fi\" \/>\n<meta property=\"og:description\" content=\"\u00d6Z Marmara Di\u015f A\u011f\u0131z ve Di\u015f Sa\u011fl\u0131\u011f\u0131 Poliklini\u011fi, Sefak\u00f6y ve Avc\u0131lar&#039;da, Haftan\u0131n 7 g\u00fcn\u00fc, t\u00fcm a\u011f\u0131z ve di\u015f sa\u011fl\u0131\u011f\u0131 bran\u015flar\u0131nda modern ve kaliteli hizmet vermektedir.\" \/>\n<meta property=\"og:url\" content=\"https:\/\/ozmarmaradis.com\/en\/online-appointment\/\" \/>\n<meta property=\"og:site_name\" content=\"\u00d6Z Marmara Di\u015f A\u011f\u0131z ve Di\u015f Sa\u011fl\u0131\u011f\u0131 Poliklini\u011fi\" \/>\n<meta property=\"article:publisher\" content=\"https:\/\/www.facebook.com\/baltikdent\/\" \/>\n<meta property=\"article:modified_time\" content=\"2024-03-09T10:22:06+00:00\" \/>\n<meta property=\"og:image\" content=\"https:\/\/ozmarmaradis.com\/en\/wp-content\/uploads\/2022\/03\/dis-curukleri-ve-onleme-yontemleri.png\" \/>\n\t<meta property=\"og:image:width\" content=\"1920\" \/>\n\t<meta property=\"og:image:height\" content=\"1080\" \/>\n\t<meta property=\"og:image:type\" content=\"image\/png\" \/>\n<meta name=\"twitter:card\" content=\"summary_large_image\" \/>\n<meta name=\"twitter:label1\" content=\"Tahmini okuma s\u00fcresi\" \/>\n\t<meta name=\"twitter:data1\" content=\"1 dakika\" \/>\n<script type=\"application\/ld+json\" class=\"yoast-schema-graph\">{\"@context\":\"https:\/\/schema.org\",\"@graph\":[{\"@type\":\"WebPage\",\"@id\":\"https:\/\/ozmarmaradis.com\/en\/online-appointment\/\",\"url\":\"https:\/\/ozmarmaradis.com\/en\/online-appointment\/\",\"name\":\"Online Appointment - \u00d6Z Marmara Di\u015f A\u011f\u0131z ve Di\u015f Sa\u011fl\u0131\u011f\u0131 Poliklini\u011fi\",\"isPartOf\":{\"@id\":\"https:\/\/ozmarmaradis.com\/en\/#website\"},\"datePublished\":\"2020-07-20T20:25:43+00:00\",\"dateModified\":\"2024-03-09T10:22:06+00:00\",\"description\":\"\u00d6Z Marmara Di\u015f A\u011f\u0131z ve Di\u015f Sa\u011fl\u0131\u011f\u0131 Poliklini\u011fi, Sefak\u00f6y ve Avc\u0131lar'da, Haftan\u0131n 7 g\u00fcn\u00fc, t\u00fcm a\u011f\u0131z ve di\u015f sa\u011fl\u0131\u011f\u0131 bran\u015flar\u0131nda modern ve kaliteli hizmet vermektedir.\",\"breadcrumb\":{\"@id\":\"https:\/\/ozmarmaradis.com\/en\/online-appointment\/#breadcrumb\"},\"inLanguage\":\"tr\",\"potentialAction\":[{\"@type\":\"ReadAction\",\"target\":[\"https:\/\/ozmarmaradis.com\/en\/online-appointment\/\"]}]},{\"@type\":\"BreadcrumbList\",\"@id\":\"https:\/\/ozmarmaradis.com\/en\/online-appointment\/#breadcrumb\",\"itemListElement\":[{\"@type\":\"ListItem\",\"position\":1,\"name\":\"Anasayfa\",\"item\":\"https:\/\/ozmarmaradis.com\/en\/\"},{\"@type\":\"ListItem\",\"position\":2,\"name\":\"Online Appointment\"}]},{\"@type\":\"WebSite\",\"@id\":\"https:\/\/ozmarmaradis.com\/en\/#website\",\"url\":\"https:\/\/ozmarmaradis.com\/en\/\",\"name\":\"\u00d6Z Marmara Di\u015f A\u011f\u0131z ve Di\u015f Sa\u011fl\u0131\u011f\u0131 Poliklini\u011fi\",\"description\":\"Sefak\u00f6y \/ Avc\u0131lar \u00d6z Marmara A\u011f\u0131z ve Di\u015f Sa\u011fl\u0131\u011f\u0131 Poliklini\u011fi\",\"publisher\":{\"@id\":\"https:\/\/ozmarmaradis.com\/en\/#organization\"},\"potentialAction\":[{\"@type\":\"SearchAction\",\"target\":{\"@type\":\"EntryPoint\",\"urlTemplate\":\"https:\/\/ozmarmaradis.com\/en\/?s={search_term_string}\"},\"query-input\":\"required name=search_term_string\"}],\"inLanguage\":\"tr\"},{\"@type\":\"Organization\",\"@id\":\"https:\/\/ozmarmaradis.com\/en\/#organization\",\"name\":\"Balt\u0131k Dent Esenyurt A\u011f\u0131z ve Di\u015f Sa\u011fl\u0131\u011f\u0131 Poliklini\u011fi\",\"url\":\"https:\/\/ozmarmaradis.com\/en\/\",\"logo\":{\"@type\":\"ImageObject\",\"inLanguage\":\"tr\",\"@id\":\"https:\/\/ozmarmaradis.com\/en\/#\/schema\/logo\/image\/\",\"url\":\"https:\/\/ozmarmaradis.com\/en\/wp-content\/uploads\/2023\/02\/baltikdent.jpeg\",\"contentUrl\":\"https:\/\/ozmarmaradis.com\/en\/wp-content\/uploads\/2023\/02\/baltikdent.jpeg\",\"width\":1600,\"height\":1341,\"caption\":\"Balt\u0131k Dent Esenyurt A\u011f\u0131z ve Di\u015f Sa\u011fl\u0131\u011f\u0131 Poliklini\u011fi\"},\"image\":{\"@id\":\"https:\/\/ozmarmaradis.com\/en\/#\/schema\/logo\/image\/\"},\"sameAs\":[\"https:\/\/www.facebook.com\/baltikdent\/\",\"https:\/\/www.instagram.com\/baltikdent\/\"]}]}<\/script>\n","yoast_head_json":{"title":"Online Appointment - \u00d6Z Marmara Di\u015f A\u011f\u0131z ve Di\u015f Sa\u011fl\u0131\u011f\u0131 Poliklini\u011fi","description":"\u00d6Z Marmara Di\u015f A\u011f\u0131z ve Di\u015f Sa\u011fl\u0131\u011f\u0131 Poliklini\u011fi, Sefak\u00f6y ve Avc\u0131lar'da, Haftan\u0131n 7 g\u00fcn\u00fc, t\u00fcm a\u011f\u0131z ve di\u015f sa\u011fl\u0131\u011f\u0131 bran\u015flar\u0131nda modern ve kaliteli hizmet vermektedir.","robots":{"index":"noindex","follow":"follow","max-snippet":"max-snippet:-1","max-image-preview":"max-image-preview:large","max-video-preview":"max-video-preview:-1"},"og_locale":"tr_TR","og_type":"article","og_title":"Online Appointment - \u00d6Z Marmara Di\u015f A\u011f\u0131z ve Di\u015f Sa\u011fl\u0131\u011f\u0131 Poliklini\u011fi","og_description":"\u00d6Z Marmara Di\u015f A\u011f\u0131z ve Di\u015f Sa\u011fl\u0131\u011f\u0131 Poliklini\u011fi, Sefak\u00f6y ve Avc\u0131lar'da, Haftan\u0131n 7 g\u00fcn\u00fc, t\u00fcm a\u011f\u0131z ve di\u015f sa\u011fl\u0131\u011f\u0131 bran\u015flar\u0131nda modern ve kaliteli hizmet vermektedir.","og_url":"https:\/\/ozmarmaradis.com\/en\/online-appointment\/","og_site_name":"\u00d6Z Marmara Di\u015f A\u011f\u0131z ve Di\u015f Sa\u011fl\u0131\u011f\u0131 Poliklini\u011fi","article_publisher":"https:\/\/www.facebook.com\/baltikdent\/","article_modified_time":"2024-03-09T10:22:06+00:00","og_image":[{"width":1920,"height":1080,"url":"https:\/\/ozmarmaradis.com\/en\/wp-content\/uploads\/2022\/03\/dis-curukleri-ve-onleme-yontemleri.png","type":"image\/png"}],"twitter_card":"summary_large_image","twitter_misc":{"Tahmini okuma s\u00fcresi":"1 dakika"},"schema":{"@context":"https:\/\/schema.org","@graph":[{"@type":"WebPage","@id":"https:\/\/ozmarmaradis.com\/en\/online-appointment\/","url":"https:\/\/ozmarmaradis.com\/en\/online-appointment\/","name":"Online Appointment - \u00d6Z Marmara Di\u015f A\u011f\u0131z ve Di\u015f Sa\u011fl\u0131\u011f\u0131 Poliklini\u011fi","isPartOf":{"@id":"https:\/\/ozmarmaradis.com\/en\/#website"},"datePublished":"2020-07-20T20:25:43+00:00","dateModified":"2024-03-09T10:22:06+00:00","description":"\u00d6Z Marmara Di\u015f A\u011f\u0131z ve Di\u015f Sa\u011fl\u0131\u011f\u0131 Poliklini\u011fi, Sefak\u00f6y ve Avc\u0131lar'da, Haftan\u0131n 7 g\u00fcn\u00fc, t\u00fcm a\u011f\u0131z ve di\u015f sa\u011fl\u0131\u011f\u0131 bran\u015flar\u0131nda modern ve kaliteli hizmet vermektedir.","breadcrumb":{"@id":"https:\/\/ozmarmaradis.com\/en\/online-appointment\/#breadcrumb"},"inLanguage":"tr","potentialAction":[{"@type":"ReadAction","target":["https:\/\/ozmarmaradis.com\/en\/online-appointment\/"]}]},{"@type":"BreadcrumbList","@id":"https:\/\/ozmarmaradis.com\/en\/online-appointment\/#breadcrumb","itemListElement":[{"@type":"ListItem","position":1,"name":"Anasayfa","item":"https:\/\/ozmarmaradis.com\/en\/"},{"@type":"ListItem","position":2,"name":"Online Appointment"}]},{"@type":"WebSite","@id":"https:\/\/ozmarmaradis.com\/en\/#website","url":"https:\/\/ozmarmaradis.com\/en\/","name":"\u00d6Z Marmara Di\u015f A\u011f\u0131z ve Di\u015f Sa\u011fl\u0131\u011f\u0131 Poliklini\u011fi","description":"Sefak\u00f6y \/ Avc\u0131lar \u00d6z Marmara A\u011f\u0131z ve Di\u015f Sa\u011fl\u0131\u011f\u0131 Poliklini\u011fi","publisher":{"@id":"https:\/\/ozmarmaradis.com\/en\/#organization"},"potentialAction":[{"@type":"SearchAction","target":{"@type":"EntryPoint","urlTemplate":"https:\/\/ozmarmaradis.com\/en\/?s={search_term_string}"},"query-input":"required name=search_term_string"}],"inLanguage":"tr"},{"@type":"Organization","@id":"https:\/\/ozmarmaradis.com\/en\/#organization","name":"Balt\u0131k Dent Esenyurt A\u011f\u0131z ve Di\u015f Sa\u011fl\u0131\u011f\u0131 Poliklini\u011fi","url":"https:\/\/ozmarmaradis.com\/en\/","logo":{"@type":"ImageObject","inLanguage":"tr","@id":"https:\/\/ozmarmaradis.com\/en\/#\/schema\/logo\/image\/","url":"https:\/\/ozmarmaradis.com\/en\/wp-content\/uploads\/2023\/02\/baltikdent.jpeg","contentUrl":"https:\/\/ozmarmaradis.com\/en\/wp-content\/uploads\/2023\/02\/baltikdent.jpeg","width":1600,"height":1341,"caption":"Balt\u0131k Dent Esenyurt A\u011f\u0131z ve Di\u015f Sa\u011fl\u0131\u011f\u0131 Poliklini\u011fi"},"image":{"@id":"https:\/\/ozmarmaradis.com\/en\/#\/schema\/logo\/image\/"},"sameAs":["https:\/\/www.facebook.com\/baltikdent\/","https:\/\/www.instagram.com\/baltikdent\/"]}]}},"_links":{"self":[{"href":"https:\/\/ozmarmaradis.com\/en\/wp-json\/wp\/v2\/pages\/6042"}],"collection":[{"href":"https:\/\/ozmarmaradis.com\/en\/wp-json\/wp\/v2\/pages"}],"about":[{"href":"https:\/\/ozmarmaradis.com\/en\/wp-json\/wp\/v2\/types\/page"}],"author":[{"embeddable":true,"href":"https:\/\/ozmarmaradis.com\/en\/wp-json\/wp\/v2\/users\/1"}],"replies":[{"embeddable":true,"href":"https:\/\/ozmarmaradis.com\/en\/wp-json\/wp\/v2\/comments?post=6042"}],"version-history":[{"count":35,"href":"https:\/\/ozmarmaradis.com\/en\/wp-json\/wp\/v2\/pages\/6042\/revisions"}],"predecessor-version":[{"id":7516,"href":"https:\/\/ozmarmaradis.com\/en\/wp-json\/wp\/v2\/pages\/6042\/revisions\/7516"}],"wp:featuredmedia":[{"embeddable":true,"href":"https:\/\/ozmarmaradis.com\/en\/wp-json\/wp\/v2\/media\/7187"}],"wp:attachment":[{"href":"https:\/\/ozmarmaradis.com\/en\/wp-json\/wp\/v2\/media?parent=6042"}],"curies":[{"name":"wp","href":"https:\/\/api.w.org\/{rel}","templated":true}]}}