{"id":5930,"date":"2020-07-20T00:42:36","date_gmt":"2020-07-20T00:42:36","guid":{"rendered":"https:\/\/dent360.com.tr\/dent360\/?page_id=5930"},"modified":"2024-03-09T10:31:04","modified_gmt":"2024-03-09T10:31:04","slug":"our-doctors","status":"publish","type":"page","link":"https:\/\/ozmarmaradis.com\/en\/our-doctors\/","title":{"rendered":"Our Doctors"},"content":{"rendered":"[vc_row type=&#8221;in_container&#8221; full_screen_row_position=&#8221;middle&#8221; scene_position=&#8221;center&#8221; text_color=&#8221;dark&#8221; text_align=&#8221;left&#8221; top_padding=&#8221;50&#8243; bottom_padding=&#8221;100&#8243; overlay_strength=&#8221;0.3&#8243; shape_divider_position=&#8221;bottom&#8221; bg_image_animation=&#8221;none&#8221; shape_type=&#8221;&#8221;][vc_column column_padding=&#8221;no-extra-padding&#8221; column_padding_position=&#8221;all&#8221; background_color_opacity=&#8221;1&#8243; background_hover_color_opacity=&#8221;1&#8243; column_link_target=&#8221;_self&#8221; column_shadow=&#8221;none&#8221; column_border_radius=&#8221;none&#8221; width=&#8221;1\/1&#8243; tablet_width_inherit=&#8221;default&#8221; tablet_text_alignment=&#8221;default&#8221; phone_text_alignment=&#8221;default&#8221; column_border_width=&#8221;none&#8221; column_border_style=&#8221;solid&#8221; bg_image_animation=&#8221;none&#8221;]\t\t\t\t\n\t\t\t\t\n\t\t\t\t\n\t\t\t\t<div class=\"portfolio-wrap \">\n\t\t\t\t\t\n\t\t\t\t\t\t\t\t\t\t\n\t\t\t\t\t<span class=\"portfolio-loading spin\"> <\/span>\n\t\t\t\t\t\n\t\t\t\t\t\t\t\t\t\t\n\t\t\t\t\t<div class=\"row portfolio-items masonry-items \" data-rcp=\"false\" data-masonry-type=\"default\" data-ps=\"9\" data-starting-filter=\"\" data-gutter=\"default\" data-categories-to-show=\"hekimlerimiz\" data-bypass-cropping=\"true\" data-lightbox-only=\"0\" data-col-num=\"cols-3\">\n\t\t\t\t\t\t\t\t\t\t\t\t\n\t\t\t\t\t\t\t\t\t\t\t\t\n\t\t\t\t\t\t<div class=\"col span_4 regular element hekimlerimiz yonetim-kurulu \" data-project-cat=\"hekimlerimiz yonetim-kurulu \" data-default-color=\"true\" data-title-color=\"\" data-subtitle-color=\"\">\n\t\t\t\t\t\t\t\n\t\t\t\t\t\t\t<div class=\"inner-wrap animated\" data-animation=\"perspective\">\n\t\t\t\t\t\t\t\t\n\t\t\t\t\t\t\t\t\t\t\t\t\t\t\t\t\t\n\t\t\t\t\t\t\t\t\t<div class=\"work-item style-1\" data-custom-content=\"off\">\n\t\t\t\t\t\t\t\t\t\t\n\t\t\t\t\t\t\t\t\t\t<img loading=\"lazy\" decoding=\"async\" class=\"size-regular skip-lazy\" src=\"https:\/\/ozmarmaradis.com\/en\/wp-content\/uploads\/2020\/07\/dt-besirziyade.jpg\" alt=\"\" height=\"500\" width=\"500\" srcset=\"https:\/\/ozmarmaradis.com\/en\/wp-content\/uploads\/2020\/07\/dt-besirziyade.jpg 512w, https:\/\/ozmarmaradis.com\/en\/wp-content\/uploads\/2020\/07\/dt-besirziyade-300x300.jpg 300w, https:\/\/ozmarmaradis.com\/en\/wp-content\/uploads\/2020\/07\/dt-besirziyade-150x150.jpg 150w, https:\/\/ozmarmaradis.com\/en\/wp-content\/uploads\/2020\/07\/dt-besirziyade-100x100.jpg 100w, https:\/\/ozmarmaradis.com\/en\/wp-content\/uploads\/2020\/07\/dt-besirziyade-140x140.jpg 140w, https:\/\/ozmarmaradis.com\/en\/wp-content\/uploads\/2020\/07\/dt-besirziyade-500x500.jpg 500w, https:\/\/ozmarmaradis.com\/en\/wp-content\/uploads\/2020\/07\/dt-besirziyade-350x350.jpg 350w\" sizes=\"(min-width: 1000px) 33.3vw, (min-width: 690px) 50vw, 100vw\" \/>\t\t\t\t\t\t\t\t\t\t\n\t\t\t\t\t\t\t\t\t\t\n\t\t\t\t\t\t\t\t\t\t<div class=\"work-info\"> \n\t\t\t\t\t\t\t\t\t\t\t\n\t\t\t\t\t\t\t\t\t\t\t\n\t\t\t\t\t\t\t\t\t\t\t\t\t\t\t\t\t\t\t\t\t\t\t\n\t\t\t\t\t\t\t\t\t\t\t\t<a href=\"https:\/\/ozmarmaradis.com\/en\/baltikdent-dis-sagligi\/dt-dis-hekimi-4\/\"><\/a>\n\t\t\t\t\t\t\t\t\t\t\t\t\n\t\t\t\t\t\t\t\t\t\t\t\t\t\t\t\t\t\t\t\t\t\t\n\t\t\t\t\t\t\t\t\t\t\t\n\t\t\t\t\t\t\t\t\t\t<\/div>\n\t\t\t\t\t\t\t\t\t\t\n\t\t\t\t\t\t\t\t\t<\/div>\n\t\t\t\t\t\t\t\t\t\n\t\t\t\t\t\t\t\t\t<div class=\"work-meta\">\n\t\t\t\t\t\t\t\t\t\t<h4 class=\"title\">Dt. Be\u015fir Ziyade<\/h4>\n\t\t\t\t\t\t\t\t\t\t\n\t\t\t\t\t\t\t\t\t\t<p>Di\u015f Hekimi<\/p>\t\t\t\t\t\t\t\t\t\t\n\t\t\t\t\t\t\t\t\t<\/div>\n\t\t\t\t\t\t\t\t\t\n\t\t\t\t\t\t\t\t\t\n\t\t\t\t\t\t\t\t\t\t\t\t\t\t\t\t\n\t\t\t\t\t\t\t\t\n\t\t\t\t\t\t\t<\/div>\n\t\t\t\t\t\t<\/div>\n\t\t\t\t\t\t\n\t\t\t\t\t\t\t\t\t\t\t\n\t\t\t\t\t\t\t\t\t\t\t\t\n\t\t\t\t\t\t<div class=\"col span_4 regular element hekimlerimiz yonetim-kurulu \" data-project-cat=\"hekimlerimiz yonetim-kurulu \" data-default-color=\"true\" data-title-color=\"\" data-subtitle-color=\"\">\n\t\t\t\t\t\t\t\n\t\t\t\t\t\t\t<div class=\"inner-wrap animated\" data-animation=\"perspective\">\n\t\t\t\t\t\t\t\t\n\t\t\t\t\t\t\t\t\t\t\t\t\t\t\t\t\t\n\t\t\t\t\t\t\t\t\t<div class=\"work-item style-1\" data-custom-content=\"off\">\n\t\t\t\t\t\t\t\t\t\t\n\t\t\t\t\t\t\t\t\t\t<img loading=\"lazy\" decoding=\"async\" class=\"size-regular skip-lazy\" src=\"https:\/\/ozmarmaradis.com\/en\/wp-content\/uploads\/2024\/01\/ahmet-gazi-turkay.jpg\" alt=\"\" height=\"500\" width=\"500\" srcset=\"https:\/\/ozmarmaradis.com\/en\/wp-content\/uploads\/2024\/01\/ahmet-gazi-turkay.jpg 512w, https:\/\/ozmarmaradis.com\/en\/wp-content\/uploads\/2024\/01\/ahmet-gazi-turkay-300x300.jpg 300w, https:\/\/ozmarmaradis.com\/en\/wp-content\/uploads\/2024\/01\/ahmet-gazi-turkay-150x150.jpg 150w, https:\/\/ozmarmaradis.com\/en\/wp-content\/uploads\/2024\/01\/ahmet-gazi-turkay-100x100.jpg 100w, https:\/\/ozmarmaradis.com\/en\/wp-content\/uploads\/2024\/01\/ahmet-gazi-turkay-140x140.jpg 140w, https:\/\/ozmarmaradis.com\/en\/wp-content\/uploads\/2024\/01\/ahmet-gazi-turkay-500x500.jpg 500w, https:\/\/ozmarmaradis.com\/en\/wp-content\/uploads\/2024\/01\/ahmet-gazi-turkay-350x350.jpg 350w\" sizes=\"(min-width: 1000px) 33.3vw, (min-width: 690px) 50vw, 100vw\" \/>\t\t\t\t\t\t\t\t\t\t\n\t\t\t\t\t\t\t\t\t\t\n\t\t\t\t\t\t\t\t\t\t<div class=\"work-info\"> \n\t\t\t\t\t\t\t\t\t\t\t\n\t\t\t\t\t\t\t\t\t\t\t\n\t\t\t\t\t\t\t\t\t\t\t\t\t\t\t\t\t\t\t\t\t\t\t\n\t\t\t\t\t\t\t\t\t\t\t\t<a href=\"https:\/\/ozmarmaradis.com\/en\/baltikdent-dis-sagligi\/dt-ahmet-gazi-turkay\/\"><\/a>\n\t\t\t\t\t\t\t\t\t\t\t\t\n\t\t\t\t\t\t\t\t\t\t\t\t\t\t\t\t\t\t\t\t\t\t\n\t\t\t\t\t\t\t\t\t\t\t\n\t\t\t\t\t\t\t\t\t\t<\/div>\n\t\t\t\t\t\t\t\t\t\t\n\t\t\t\t\t\t\t\t\t<\/div>\n\t\t\t\t\t\t\t\t\t\n\t\t\t\t\t\t\t\t\t<div class=\"work-meta\">\n\t\t\t\t\t\t\t\t\t\t<h4 class=\"title\">Dt. Ahmet Gazi T\u00fcrkay<\/h4>\n\t\t\t\t\t\t\t\t\t\t\n\t\t\t\t\t\t\t\t\t\t<p>Di\u015f Hekimi<\/p>\t\t\t\t\t\t\t\t\t\t\n\t\t\t\t\t\t\t\t\t<\/div>\n\t\t\t\t\t\t\t\t\t\n\t\t\t\t\t\t\t\t\t\n\t\t\t\t\t\t\t\t\t\t\t\t\t\t\t\t\n\t\t\t\t\t\t\t\t\n\t\t\t\t\t\t\t<\/div>\n\t\t\t\t\t\t<\/div>\n\t\t\t\t\t\t\n\t\t\t\t\t\t\t\t\t\t\t\n\t\t\t\t\t\t\t\t\t\t\t\t\n\t\t\t\t\t\t<div class=\"col span_4 regular element hekimlerimiz yonetim-kurulu \" data-project-cat=\"hekimlerimiz yonetim-kurulu \" data-default-color=\"true\" data-title-color=\"\" data-subtitle-color=\"\">\n\t\t\t\t\t\t\t\n\t\t\t\t\t\t\t<div class=\"inner-wrap animated\" data-animation=\"perspective\">\n\t\t\t\t\t\t\t\t\n\t\t\t\t\t\t\t\t\t\t\t\t\t\t\t\t\t\n\t\t\t\t\t\t\t\t\t<div class=\"work-item style-1\" data-custom-content=\"off\">\n\t\t\t\t\t\t\t\t\t\t\n\t\t\t\t\t\t\t\t\t\t<img loading=\"lazy\" decoding=\"async\" class=\"size-regular skip-lazy\" src=\"https:\/\/ozmarmaradis.com\/en\/wp-content\/uploads\/2024\/01\/fatma-bursali.jpg\" alt=\"\" height=\"500\" width=\"500\" srcset=\"https:\/\/ozmarmaradis.com\/en\/wp-content\/uploads\/2024\/01\/fatma-bursali.jpg 512w, https:\/\/ozmarmaradis.com\/en\/wp-content\/uploads\/2024\/01\/fatma-bursali-300x300.jpg 300w, https:\/\/ozmarmaradis.com\/en\/wp-content\/uploads\/2024\/01\/fatma-bursali-150x150.jpg 150w, https:\/\/ozmarmaradis.com\/en\/wp-content\/uploads\/2024\/01\/fatma-bursali-100x100.jpg 100w, https:\/\/ozmarmaradis.com\/en\/wp-content\/uploads\/2024\/01\/fatma-bursali-140x140.jpg 140w, https:\/\/ozmarmaradis.com\/en\/wp-content\/uploads\/2024\/01\/fatma-bursali-500x500.jpg 500w, https:\/\/ozmarmaradis.com\/en\/wp-content\/uploads\/2024\/01\/fatma-bursali-350x350.jpg 350w\" sizes=\"(min-width: 1000px) 33.3vw, (min-width: 690px) 50vw, 100vw\" \/>\t\t\t\t\t\t\t\t\t\t\n\t\t\t\t\t\t\t\t\t\t\n\t\t\t\t\t\t\t\t\t\t<div class=\"work-info\"> \n\t\t\t\t\t\t\t\t\t\t\t\n\t\t\t\t\t\t\t\t\t\t\t\n\t\t\t\t\t\t\t\t\t\t\t\t\t\t\t\t\t\t\t\t\t\t\t\n\t\t\t\t\t\t\t\t\t\t\t\t<a href=\"https:\/\/ozmarmaradis.com\/en\/baltikdent-dis-sagligi\/uzm-dr-fatma-bursali\/\"><\/a>\n\t\t\t\t\t\t\t\t\t\t\t\t\n\t\t\t\t\t\t\t\t\t\t\t\t\t\t\t\t\t\t\t\t\t\t\n\t\t\t\t\t\t\t\t\t\t\t\n\t\t\t\t\t\t\t\t\t\t<\/div>\n\t\t\t\t\t\t\t\t\t\t\n\t\t\t\t\t\t\t\t\t<\/div>\n\t\t\t\t\t\t\t\t\t\n\t\t\t\t\t\t\t\t\t<div class=\"work-meta\">\n\t\t\t\t\t\t\t\t\t\t<h4 class=\"title\">Uzm. Dr. Fatma Bursal\u0131<\/h4>\n\t\t\t\t\t\t\t\t\t\t\n\t\t\t\t\t\t\t\t\t\t<p>Ortodonti Uzman\u0131<\/p>\t\t\t\t\t\t\t\t\t\t\n\t\t\t\t\t\t\t\t\t<\/div>\n\t\t\t\t\t\t\t\t\t\n\t\t\t\t\t\t\t\t\t\n\t\t\t\t\t\t\t\t\t\t\t\t\t\t\t\t\n\t\t\t\t\t\t\t\t\n\t\t\t\t\t\t\t<\/div>\n\t\t\t\t\t\t<\/div>\n\t\t\t\t\t\t\n\t\t\t\t\t\t\t\t\t\t\t\n\t\t\t\t\t\t\t\t\t\t\t\t\n\t\t\t\t\t\t<div class=\"col span_4 regular element hekimlerimiz \" data-project-cat=\"hekimlerimiz \" data-default-color=\"true\" data-title-color=\"\" data-subtitle-color=\"\">\n\t\t\t\t\t\t\t\n\t\t\t\t\t\t\t<div class=\"inner-wrap animated\" data-animation=\"perspective\">\n\t\t\t\t\t\t\t\t\n\t\t\t\t\t\t\t\t\t\t\t\t\t\t\t\t\t\n\t\t\t\t\t\t\t\t\t<div class=\"work-item style-1\" data-custom-content=\"off\">\n\t\t\t\t\t\t\t\t\t\t\n\t\t\t\t\t\t\t\t\t\t<img loading=\"lazy\" decoding=\"async\" class=\"size-regular skip-lazy\" src=\"https:\/\/ozmarmaradis.com\/en\/wp-content\/uploads\/2021\/04\/dis-hekimi.jpg\" alt=\"\" height=\"500\" width=\"500\" srcset=\"https:\/\/ozmarmaradis.com\/en\/wp-content\/uploads\/2021\/04\/dis-hekimi.jpg 1000w, https:\/\/ozmarmaradis.com\/en\/wp-content\/uploads\/2021\/04\/dis-hekimi-300x300.jpg 300w, https:\/\/ozmarmaradis.com\/en\/wp-content\/uploads\/2021\/04\/dis-hekimi-150x150.jpg 150w, https:\/\/ozmarmaradis.com\/en\/wp-content\/uploads\/2021\/04\/dis-hekimi-768x768.jpg 768w, https:\/\/ozmarmaradis.com\/en\/wp-content\/uploads\/2021\/04\/dis-hekimi-100x100.jpg 100w, https:\/\/ozmarmaradis.com\/en\/wp-content\/uploads\/2021\/04\/dis-hekimi-140x140.jpg 140w, https:\/\/ozmarmaradis.com\/en\/wp-content\/uploads\/2021\/04\/dis-hekimi-500x500.jpg 500w, https:\/\/ozmarmaradis.com\/en\/wp-content\/uploads\/2021\/04\/dis-hekimi-350x350.jpg 350w, https:\/\/ozmarmaradis.com\/en\/wp-content\/uploads\/2021\/04\/dis-hekimi-800x800.jpg 800w\" sizes=\"(min-width: 1000px) 33.3vw, (min-width: 690px) 50vw, 100vw\" \/>\t\t\t\t\t\t\t\t\t\t\n\t\t\t\t\t\t\t\t\t\t\n\t\t\t\t\t\t\t\t\t\t<div class=\"work-info\"> \n\t\t\t\t\t\t\t\t\t\t\t\n\t\t\t\t\t\t\t\t\t\t\t\n\t\t\t\t\t\t\t\t\t\t\t\t\t\t\t\t\t\t\t\t\t\t\t\n\t\t\t\t\t\t\t\t\t\t\t\t<a href=\"https:\/\/ozmarmaradis.com\/en\/baltikdent-dis-sagligi\/dt-sevinc-ucar-asici\/\"><\/a>\n\t\t\t\t\t\t\t\t\t\t\t\t\n\t\t\t\t\t\t\t\t\t\t\t\t\t\t\t\t\t\t\t\t\t\t\n\t\t\t\t\t\t\t\t\t\t\t\n\t\t\t\t\t\t\t\t\t\t<\/div>\n\t\t\t\t\t\t\t\t\t\t\n\t\t\t\t\t\t\t\t\t<\/div>\n\t\t\t\t\t\t\t\t\t\n\t\t\t\t\t\t\t\t\t<div class=\"work-meta\">\n\t\t\t\t\t\t\t\t\t\t<h4 class=\"title\">Dt. Sevin\u00e7 U\u00e7ar A\u015f\u0131c\u0131<\/h4>\n\t\t\t\t\t\t\t\t\t\t\n\t\t\t\t\t\t\t\t\t\t<p>Di\u015f Hekimi<\/p>\t\t\t\t\t\t\t\t\t\t\n\t\t\t\t\t\t\t\t\t<\/div>\n\t\t\t\t\t\t\t\t\t\n\t\t\t\t\t\t\t\t\t\n\t\t\t\t\t\t\t\t\t\t\t\t\t\t\t\t\n\t\t\t\t\t\t\t\t\n\t\t\t\t\t\t\t<\/div>\n\t\t\t\t\t\t<\/div>\n\t\t\t\t\t\t\n\t\t\t\t\t\t\t\t\t\t\n\t\t\t\t<\/div>\n\t\t\t<\/div>\n\t\t\t\n\t\t\t[\/vc_column][\/vc_row]\n","protected":false},"excerpt":{"rendered":"<p>[vc_row type=&#8221;in_container&#8221; full_screen_row_position=&#8221;middle&#8221; scene_position=&#8221;center&#8221; text_color=&#8221;dark&#8221; text_align=&#8221;left&#8221; top_padding=&#8221;50&#8243; bottom_padding=&#8221;100&#8243; overlay_strength=&#8221;0.3&#8243; shape_divider_position=&#8221;bottom&#8221; bg_image_animation=&#8221;none&#8221; shape_type=&#8221;&#8221;][vc_column column_padding=&#8221;no-extra-padding&#8221; column_padding_position=&#8221;all&#8221; background_color_opacity=&#8221;1&#8243; background_hover_color_opacity=&#8221;1&#8243; column_link_target=&#8221;_self&#8221; column_shadow=&#8221;none&#8221; column_border_radius=&#8221;none&#8221; width=&#8221;1\/1&#8243; tablet_width_inherit=&#8221;default&#8221; tablet_text_alignment=&#8221;default&#8221; phone_text_alignment=&#8221;default&#8221; column_border_width=&#8221;none&#8221; column_border_style=&#8221;solid&#8221;&#8230;<\/p>\n","protected":false},"author":1,"featured_media":7198,"parent":0,"menu_order":4,"comment_status":"closed","ping_status":"closed","template":"","meta":{"footnotes":""},"yoast_head":"\n<title>Our Doctors - \u00d6Z Marmara Di\u015f A\u011f\u0131z ve Di\u015f Sa\u011fl\u0131\u011f\u0131 Poliklini\u011fi<\/title>\n<meta name=\"description\" content=\"\u00d6Z Marmara Di\u015f A\u011f\u0131z ve Di\u015f Sa\u011fl\u0131\u011f\u0131 Poliklini\u011fi, Sefak\u00f6y ve Avc\u0131lar&#039;da, Haftan\u0131n 7 g\u00fcn\u00fc, t\u00fcm a\u011f\u0131z ve di\u015f sa\u011fl\u0131\u011f\u0131 bran\u015flar\u0131nda modern ve kaliteli hizmet vermektedir.\" \/>\n<meta name=\"robots\" content=\"noindex, follow, max-snippet:-1, max-image-preview:large, max-video-preview:-1\" \/>\n<meta property=\"og:locale\" content=\"tr_TR\" \/>\n<meta property=\"og:type\" content=\"article\" \/>\n<meta property=\"og:title\" content=\"Our Doctors - \u00d6Z Marmara Di\u015f A\u011f\u0131z ve Di\u015f Sa\u011fl\u0131\u011f\u0131 Poliklini\u011fi\" \/>\n<meta property=\"og:description\" content=\"\u00d6Z Marmara Di\u015f A\u011f\u0131z ve Di\u015f Sa\u011fl\u0131\u011f\u0131 Poliklini\u011fi, Sefak\u00f6y ve Avc\u0131lar&#039;da, Haftan\u0131n 7 g\u00fcn\u00fc, t\u00fcm a\u011f\u0131z ve di\u015f sa\u011fl\u0131\u011f\u0131 bran\u015flar\u0131nda modern ve kaliteli hizmet vermektedir.\" \/>\n<meta property=\"og:url\" content=\"https:\/\/ozmarmaradis.com\/en\/our-doctors\/\" \/>\n<meta property=\"og:site_name\" content=\"\u00d6Z Marmara Di\u015f A\u011f\u0131z ve Di\u015f Sa\u011fl\u0131\u011f\u0131 Poliklini\u011fi\" \/>\n<meta property=\"article:publisher\" content=\"https:\/\/www.facebook.com\/baltikdent\/\" \/>\n<meta property=\"article:modified_time\" content=\"2024-03-09T10:31:04+00:00\" \/>\n<meta property=\"og:image\" content=\"https:\/\/ozmarmaradis.com\/en\/wp-content\/uploads\/2022\/03\/3-dis-implantlarinda-kullanilan-malzemeler.png\" \/>\n\t<meta property=\"og:image:width\" content=\"1920\" \/>\n\t<meta property=\"og:image:height\" content=\"1080\" \/>\n\t<meta property=\"og:image:type\" content=\"image\/png\" \/>\n<meta name=\"twitter:card\" content=\"summary_large_image\" \/>\n<meta name=\"twitter:label1\" content=\"Tahmini okuma s\u00fcresi\" \/>\n\t<meta name=\"twitter:data1\" content=\"1 dakika\" \/>\n<script type=\"application\/ld+json\" class=\"yoast-schema-graph\">{\"@context\":\"https:\/\/schema.org\",\"@graph\":[{\"@type\":\"WebPage\",\"@id\":\"https:\/\/ozmarmaradis.com\/en\/our-doctors\/\",\"url\":\"https:\/\/ozmarmaradis.com\/en\/our-doctors\/\",\"name\":\"Our Doctors - \u00d6Z Marmara Di\u015f A\u011f\u0131z ve Di\u015f Sa\u011fl\u0131\u011f\u0131 Poliklini\u011fi\",\"isPartOf\":{\"@id\":\"https:\/\/ozmarmaradis.com\/en\/#website\"},\"datePublished\":\"2020-07-20T00:42:36+00:00\",\"dateModified\":\"2024-03-09T10:31:04+00:00\",\"description\":\"\u00d6Z Marmara Di\u015f A\u011f\u0131z ve Di\u015f Sa\u011fl\u0131\u011f\u0131 Poliklini\u011fi, Sefak\u00f6y ve Avc\u0131lar'da, Haftan\u0131n 7 g\u00fcn\u00fc, t\u00fcm a\u011f\u0131z ve di\u015f sa\u011fl\u0131\u011f\u0131 bran\u015flar\u0131nda modern ve kaliteli hizmet vermektedir.\",\"breadcrumb\":{\"@id\":\"https:\/\/ozmarmaradis.com\/en\/our-doctors\/#breadcrumb\"},\"inLanguage\":\"tr\",\"potentialAction\":[{\"@type\":\"ReadAction\",\"target\":[\"https:\/\/ozmarmaradis.com\/en\/our-doctors\/\"]}]},{\"@type\":\"BreadcrumbList\",\"@id\":\"https:\/\/ozmarmaradis.com\/en\/our-doctors\/#breadcrumb\",\"itemListElement\":[{\"@type\":\"ListItem\",\"position\":1,\"name\":\"Anasayfa\",\"item\":\"https:\/\/ozmarmaradis.com\/en\/\"},{\"@type\":\"ListItem\",\"position\":2,\"name\":\"Our Doctors\"}]},{\"@type\":\"WebSite\",\"@id\":\"https:\/\/ozmarmaradis.com\/en\/#website\",\"url\":\"https:\/\/ozmarmaradis.com\/en\/\",\"name\":\"\u00d6Z Marmara Di\u015f A\u011f\u0131z ve Di\u015f Sa\u011fl\u0131\u011f\u0131 Poliklini\u011fi\",\"description\":\"Sefak\u00f6y \/ Avc\u0131lar \u00d6z Marmara A\u011f\u0131z ve Di\u015f Sa\u011fl\u0131\u011f\u0131 Poliklini\u011fi\",\"publisher\":{\"@id\":\"https:\/\/ozmarmaradis.com\/en\/#organization\"},\"potentialAction\":[{\"@type\":\"SearchAction\",\"target\":{\"@type\":\"EntryPoint\",\"urlTemplate\":\"https:\/\/ozmarmaradis.com\/en\/?s={search_term_string}\"},\"query-input\":\"required name=search_term_string\"}],\"inLanguage\":\"tr\"},{\"@type\":\"Organization\",\"@id\":\"https:\/\/ozmarmaradis.com\/en\/#organization\",\"name\":\"Balt\u0131k Dent Esenyurt A\u011f\u0131z ve Di\u015f Sa\u011fl\u0131\u011f\u0131 Poliklini\u011fi\",\"url\":\"https:\/\/ozmarmaradis.com\/en\/\",\"logo\":{\"@type\":\"ImageObject\",\"inLanguage\":\"tr\",\"@id\":\"https:\/\/ozmarmaradis.com\/en\/#\/schema\/logo\/image\/\",\"url\":\"https:\/\/ozmarmaradis.com\/en\/wp-content\/uploads\/2023\/02\/baltikdent.jpeg\",\"contentUrl\":\"https:\/\/ozmarmaradis.com\/en\/wp-content\/uploads\/2023\/02\/baltikdent.jpeg\",\"width\":1600,\"height\":1341,\"caption\":\"Balt\u0131k Dent Esenyurt A\u011f\u0131z ve Di\u015f Sa\u011fl\u0131\u011f\u0131 Poliklini\u011fi\"},\"image\":{\"@id\":\"https:\/\/ozmarmaradis.com\/en\/#\/schema\/logo\/image\/\"},\"sameAs\":[\"https:\/\/www.facebook.com\/baltikdent\/\",\"https:\/\/www.instagram.com\/baltikdent\/\"]}]}<\/script>\n","yoast_head_json":{"title":"Our Doctors - \u00d6Z Marmara Di\u015f A\u011f\u0131z ve Di\u015f Sa\u011fl\u0131\u011f\u0131 Poliklini\u011fi","description":"\u00d6Z Marmara Di\u015f A\u011f\u0131z ve Di\u015f Sa\u011fl\u0131\u011f\u0131 Poliklini\u011fi, Sefak\u00f6y ve Avc\u0131lar'da, Haftan\u0131n 7 g\u00fcn\u00fc, t\u00fcm a\u011f\u0131z ve di\u015f sa\u011fl\u0131\u011f\u0131 bran\u015flar\u0131nda modern ve kaliteli hizmet vermektedir.","robots":{"index":"noindex","follow":"follow","max-snippet":"max-snippet:-1","max-image-preview":"max-image-preview:large","max-video-preview":"max-video-preview:-1"},"og_locale":"tr_TR","og_type":"article","og_title":"Our Doctors - \u00d6Z Marmara Di\u015f A\u011f\u0131z ve Di\u015f Sa\u011fl\u0131\u011f\u0131 Poliklini\u011fi","og_description":"\u00d6Z Marmara Di\u015f A\u011f\u0131z ve Di\u015f Sa\u011fl\u0131\u011f\u0131 Poliklini\u011fi, Sefak\u00f6y ve Avc\u0131lar'da, Haftan\u0131n 7 g\u00fcn\u00fc, t\u00fcm a\u011f\u0131z ve di\u015f sa\u011fl\u0131\u011f\u0131 bran\u015flar\u0131nda modern ve kaliteli hizmet vermektedir.","og_url":"https:\/\/ozmarmaradis.com\/en\/our-doctors\/","og_site_name":"\u00d6Z Marmara Di\u015f A\u011f\u0131z ve Di\u015f Sa\u011fl\u0131\u011f\u0131 Poliklini\u011fi","article_publisher":"https:\/\/www.facebook.com\/baltikdent\/","article_modified_time":"2024-03-09T10:31:04+00:00","og_image":[{"width":1920,"height":1080,"url":"https:\/\/ozmarmaradis.com\/en\/wp-content\/uploads\/2022\/03\/3-dis-implantlarinda-kullanilan-malzemeler.png","type":"image\/png"}],"twitter_card":"summary_large_image","twitter_misc":{"Tahmini okuma s\u00fcresi":"1 dakika"},"schema":{"@context":"https:\/\/schema.org","@graph":[{"@type":"WebPage","@id":"https:\/\/ozmarmaradis.com\/en\/our-doctors\/","url":"https:\/\/ozmarmaradis.com\/en\/our-doctors\/","name":"Our Doctors - \u00d6Z Marmara Di\u015f A\u011f\u0131z ve Di\u015f Sa\u011fl\u0131\u011f\u0131 Poliklini\u011fi","isPartOf":{"@id":"https:\/\/ozmarmaradis.com\/en\/#website"},"datePublished":"2020-07-20T00:42:36+00:00","dateModified":"2024-03-09T10:31:04+00:00","description":"\u00d6Z Marmara Di\u015f A\u011f\u0131z ve Di\u015f Sa\u011fl\u0131\u011f\u0131 Poliklini\u011fi, Sefak\u00f6y ve Avc\u0131lar'da, Haftan\u0131n 7 g\u00fcn\u00fc, t\u00fcm a\u011f\u0131z ve di\u015f sa\u011fl\u0131\u011f\u0131 bran\u015flar\u0131nda modern ve kaliteli hizmet vermektedir.","breadcrumb":{"@id":"https:\/\/ozmarmaradis.com\/en\/our-doctors\/#breadcrumb"},"inLanguage":"tr","potentialAction":[{"@type":"ReadAction","target":["https:\/\/ozmarmaradis.com\/en\/our-doctors\/"]}]},{"@type":"BreadcrumbList","@id":"https:\/\/ozmarmaradis.com\/en\/our-doctors\/#breadcrumb","itemListElement":[{"@type":"ListItem","position":1,"name":"Anasayfa","item":"https:\/\/ozmarmaradis.com\/en\/"},{"@type":"ListItem","position":2,"name":"Our Doctors"}]},{"@type":"WebSite","@id":"https:\/\/ozmarmaradis.com\/en\/#website","url":"https:\/\/ozmarmaradis.com\/en\/","name":"\u00d6Z Marmara Di\u015f A\u011f\u0131z ve Di\u015f Sa\u011fl\u0131\u011f\u0131 Poliklini\u011fi","description":"Sefak\u00f6y \/ Avc\u0131lar \u00d6z Marmara A\u011f\u0131z ve Di\u015f Sa\u011fl\u0131\u011f\u0131 Poliklini\u011fi","publisher":{"@id":"https:\/\/ozmarmaradis.com\/en\/#organization"},"potentialAction":[{"@type":"SearchAction","target":{"@type":"EntryPoint","urlTemplate":"https:\/\/ozmarmaradis.com\/en\/?s={search_term_string}"},"query-input":"required name=search_term_string"}],"inLanguage":"tr"},{"@type":"Organization","@id":"https:\/\/ozmarmaradis.com\/en\/#organization","name":"Balt\u0131k Dent Esenyurt A\u011f\u0131z ve Di\u015f Sa\u011fl\u0131\u011f\u0131 Poliklini\u011fi","url":"https:\/\/ozmarmaradis.com\/en\/","logo":{"@type":"ImageObject","inLanguage":"tr","@id":"https:\/\/ozmarmaradis.com\/en\/#\/schema\/logo\/image\/","url":"https:\/\/ozmarmaradis.com\/en\/wp-content\/uploads\/2023\/02\/baltikdent.jpeg","contentUrl":"https:\/\/ozmarmaradis.com\/en\/wp-content\/uploads\/2023\/02\/baltikdent.jpeg","width":1600,"height":1341,"caption":"Balt\u0131k Dent Esenyurt A\u011f\u0131z ve Di\u015f Sa\u011fl\u0131\u011f\u0131 Poliklini\u011fi"},"image":{"@id":"https:\/\/ozmarmaradis.com\/en\/#\/schema\/logo\/image\/"},"sameAs":["https:\/\/www.facebook.com\/baltikdent\/","https:\/\/www.instagram.com\/baltikdent\/"]}]}},"_links":{"self":[{"href":"https:\/\/ozmarmaradis.com\/en\/wp-json\/wp\/v2\/pages\/5930"}],"collection":[{"href":"https:\/\/ozmarmaradis.com\/en\/wp-json\/wp\/v2\/pages"}],"about":[{"href":"https:\/\/ozmarmaradis.com\/en\/wp-json\/wp\/v2\/types\/page"}],"author":[{"embeddable":true,"href":"https:\/\/ozmarmaradis.com\/en\/wp-json\/wp\/v2\/users\/1"}],"replies":[{"embeddable":true,"href":"https:\/\/ozmarmaradis.com\/en\/wp-json\/wp\/v2\/comments?post=5930"}],"version-history":[{"count":6,"href":"https:\/\/ozmarmaradis.com\/en\/wp-json\/wp\/v2\/pages\/5930\/revisions"}],"predecessor-version":[{"id":7517,"href":"https:\/\/ozmarmaradis.com\/en\/wp-json\/wp\/v2\/pages\/5930\/revisions\/7517"}],"wp:featuredmedia":[{"embeddable":true,"href":"https:\/\/ozmarmaradis.com\/en\/wp-json\/wp\/v2\/media\/7198"}],"wp:attachment":[{"href":"https:\/\/ozmarmaradis.com\/en\/wp-json\/wp\/v2\/media?parent=5930"}],"curies":[{"name":"wp","href":"https:\/\/api.w.org\/{rel}","templated":true}]}}